{"id":7,"date":"2025-09-06T16:39:02","date_gmt":"2025-09-06T16:39:02","guid":{"rendered":"https:\/\/passinger.com\/?page_id=7"},"modified":"2025-09-06T18:31:25","modified_gmt":"2025-09-06T18:31:25","slug":"willkommen-welcome","status":"publish","type":"page","link":"https:\/\/passinger.com\/","title":{"rendered":"Willkommen \/ Welcome"},"content":{"rendered":"\n<figure class=\"wp-block-table\"><table class=\"has-fixed-layout\"><tbody><tr><td><img loading=\"lazy\" decoding=\"async\" width=\"150\" height=\"150\" class=\"wp-image-15\" style=\"width: 150px;\" src=\"https:\/\/passinger.com\/wp-content\/uploads\/2025\/09\/Sunny.png\" alt=\"\" srcset=\"https:\/\/passinger.com\/wp-content\/uploads\/2025\/09\/Sunny.png 1024w, https:\/\/passinger.com\/wp-content\/uploads\/2025\/09\/Sunny-300x300.png 300w, https:\/\/passinger.com\/wp-content\/uploads\/2025\/09\/Sunny-150x150.png 150w, https:\/\/passinger.com\/wp-content\/uploads\/2025\/09\/Sunny-768x768.png 768w\" sizes=\"auto, (max-width: 150px) 100vw, 150px\" \/><br><a href=\"https:\/\/urlaub.passinger.com\">https:\/\/urlaub.passinger.com<\/a><\/td><td class=\"has-text-align-left\" data-align=\"left\">Zwischen den sanften Wellen der Innengracht und dem Duft von friesischer Freiheit steht Sunny \u2013 das kleine Mobilheim mit gro\u00dfem Herz. Hier, in Makkum, wo die M\u00f6wen Geschichten erz\u00e4hlen und das Ruderboot leise \u00fcber das Wasser gleitet, finden G\u00e4ste nicht nur Ruhe, sondern ein Zuhause auf Zeit. Sunny wartet nicht auf den perfekten Moment \u2013 sie schafft ihn.<\/td><\/tr><tr><td><img loading=\"lazy\" decoding=\"async\" width=\"150\" height=\"150\" class=\"wp-image-16\" style=\"width: 150px;\" src=\"https:\/\/passinger.com\/wp-content\/uploads\/2025\/09\/Home-of-Lekkoer.png\" alt=\"\" srcset=\"https:\/\/passinger.com\/wp-content\/uploads\/2025\/09\/Home-of-Lekkoer.png 710w, https:\/\/passinger.com\/wp-content\/uploads\/2025\/09\/Home-of-Lekkoer-300x300.png 300w, https:\/\/passinger.com\/wp-content\/uploads\/2025\/09\/Home-of-Lekkoer-150x150.png 150w\" sizes=\"auto, (max-width: 150px) 100vw, 150px\" \/><br><a href=\"https:\/\/lekkoer.shop\">https:\/\/lekkoer.shop<\/a><\/td><td class=\"has-text-align-left\" data-align=\"left\">In einem kleinen Atelier in Hilden entsteht aus Leidenschaft und Experimentierfreude ein besonderer Tropfen: Lekk\u00f6r. Jeder Whisky-Lik\u00f6r wird in Handarbeit gefertigt, gepr\u00fcft und nur dann abgef\u00fcllt, wenn er den eigenen hohen Anspr\u00fcchen gen\u00fcgt. Denn hier gilt: Was nicht selbst begeistert, kommt nicht ins Glas. So wird jeder Schluck zum Abenteuer aus Geschmack und Charakter.<\/td><\/tr><\/tbody><\/table><\/figure>\n","protected":false},"excerpt":{"rendered":"<p>https:\/\/urlaub.passinger.com Zwischen den sanften Wellen der Innengracht und dem Duft von friesischer Freiheit steht Sunny \u2013 das kleine Mobilheim mit gro\u00dfem Herz. Hier, in Makkum, wo die M\u00f6wen Geschichten erz\u00e4hlen und das Ruderboot leise \u00fcber das Wasser gleitet, finden G\u00e4ste nicht nur Ruhe, sondern ein Zuhause auf Zeit. Sunny wartet nicht auf den perfekten Moment &hellip; <\/p>\n<p class=\"link-more\"><a href=\"https:\/\/passinger.com\/\" class=\"more-link\"><span class=\"screen-reader-text\">\u201eWillkommen \/ Welcome\u201c<\/span> weiterlesen<\/a><\/p>\n","protected":false},"author":1,"featured_media":0,"parent":0,"menu_order":0,"comment_status":"closed","ping_status":"closed","template":"","meta":{"footnotes":""},"class_list":["post-7","page","type-page","status-publish","hentry"],"yoast_head":"<!-- This site is optimized with the Yoast SEO plugin v25.8 - https:\/\/yoast.com\/wordpress\/plugins\/seo\/ -->\n<title>Willkommen \/ Welcome - Willkommen bei den Passingers<\/title>\n<meta name=\"robots\" content=\"index, follow, max-snippet:-1, max-image-preview:large, max-video-preview:-1\" \/>\n<link rel=\"canonical\" href=\"https:\/\/passinger.com\/\" \/>\n<meta property=\"og:locale\" content=\"de_DE\" \/>\n<meta property=\"og:type\" content=\"article\" \/>\n<meta property=\"og:title\" content=\"Willkommen \/ Welcome - Willkommen bei den Passingers\" \/>\n<meta property=\"og:description\" content=\"https:\/\/urlaub.passinger.com Zwischen den sanften Wellen der Innengracht und dem Duft von friesischer Freiheit steht Sunny \u2013 das kleine Mobilheim mit gro\u00dfem Herz. Hier, in Makkum, wo die M\u00f6wen Geschichten erz\u00e4hlen und das Ruderboot leise \u00fcber das Wasser gleitet, finden G\u00e4ste nicht nur Ruhe, sondern ein Zuhause auf Zeit. Sunny wartet nicht auf den perfekten Moment &hellip; \u201eWillkommen \/ Welcome\u201c weiterlesen\" \/>\n<meta property=\"og:url\" content=\"https:\/\/passinger.com\/\" \/>\n<meta property=\"og:site_name\" content=\"Willkommen bei den Passingers\" \/>\n<meta property=\"article:modified_time\" content=\"2025-09-06T18:31:25+00:00\" \/>\n<meta property=\"og:image\" content=\"https:\/\/passinger.com\/wp-content\/uploads\/2025\/09\/Sunny.png\" \/>\n\t<meta property=\"og:image:width\" content=\"1024\" \/>\n\t<meta property=\"og:image:height\" content=\"1024\" \/>\n\t<meta property=\"og:image:type\" content=\"image\/png\" \/>\n<meta name=\"twitter:card\" content=\"summary_large_image\" \/>\n<meta name=\"twitter:label1\" content=\"Gesch\u00e4tzte Lesezeit\" \/>\n\t<meta name=\"twitter:data1\" content=\"2\u00a0Minuten\" \/>\n<script type=\"application\/ld+json\" class=\"yoast-schema-graph\">{\"@context\":\"https:\/\/schema.org\",\"@graph\":[{\"@type\":\"WebPage\",\"@id\":\"https:\/\/passinger.com\/\",\"url\":\"https:\/\/passinger.com\/\",\"name\":\"Willkommen \/ Welcome - Willkommen bei den Passingers\",\"isPartOf\":{\"@id\":\"https:\/\/passinger.com\/#website\"},\"primaryImageOfPage\":{\"@id\":\"https:\/\/passinger.com\/#primaryimage\"},\"image\":{\"@id\":\"https:\/\/passinger.com\/#primaryimage\"},\"thumbnailUrl\":\"https:\/\/passinger.com\/wp-content\/uploads\/2025\/09\/Sunny.png\",\"datePublished\":\"2025-09-06T16:39:02+00:00\",\"dateModified\":\"2025-09-06T18:31:25+00:00\",\"breadcrumb\":{\"@id\":\"https:\/\/passinger.com\/#breadcrumb\"},\"inLanguage\":\"de\",\"potentialAction\":[{\"@type\":\"ReadAction\",\"target\":[\"https:\/\/passinger.com\/\"]}]},{\"@type\":\"ImageObject\",\"inLanguage\":\"de\",\"@id\":\"https:\/\/passinger.com\/#primaryimage\",\"url\":\"https:\/\/passinger.com\/wp-content\/uploads\/2025\/09\/Sunny.png\",\"contentUrl\":\"https:\/\/passinger.com\/wp-content\/uploads\/2025\/09\/Sunny.png\",\"width\":1024,\"height\":1024},{\"@type\":\"BreadcrumbList\",\"@id\":\"https:\/\/passinger.com\/#breadcrumb\",\"itemListElement\":[{\"@type\":\"ListItem\",\"position\":1,\"name\":\"Startseite\",\"item\":\"https:\/\/passinger.com\/\"},{\"@type\":\"ListItem\",\"position\":2,\"name\":\"Willkommen \/ Welcome\"}]},{\"@type\":\"WebSite\",\"@id\":\"https:\/\/passinger.com\/#website\",\"url\":\"https:\/\/passinger.com\/\",\"name\":\"Willkommen bei den Passingers\",\"description\":\"\",\"potentialAction\":[{\"@type\":\"SearchAction\",\"target\":{\"@type\":\"EntryPoint\",\"urlTemplate\":\"https:\/\/passinger.com\/?s={search_term_string}\"},\"query-input\":{\"@type\":\"PropertyValueSpecification\",\"valueRequired\":true,\"valueName\":\"search_term_string\"}}],\"inLanguage\":\"de\"}]}<\/script>\n<!-- \/ Yoast SEO plugin. -->","yoast_head_json":{"title":"Willkommen \/ Welcome - Willkommen bei den Passingers","robots":{"index":"index","follow":"follow","max-snippet":"max-snippet:-1","max-image-preview":"max-image-preview:large","max-video-preview":"max-video-preview:-1"},"canonical":"https:\/\/passinger.com\/","og_locale":"de_DE","og_type":"article","og_title":"Willkommen \/ Welcome - Willkommen bei den Passingers","og_description":"https:\/\/urlaub.passinger.com Zwischen den sanften Wellen der Innengracht und dem Duft von friesischer Freiheit steht Sunny \u2013 das kleine Mobilheim mit gro\u00dfem Herz. Hier, in Makkum, wo die M\u00f6wen Geschichten erz\u00e4hlen und das Ruderboot leise \u00fcber das Wasser gleitet, finden G\u00e4ste nicht nur Ruhe, sondern ein Zuhause auf Zeit. Sunny wartet nicht auf den perfekten Moment &hellip; \u201eWillkommen \/ Welcome\u201c weiterlesen","og_url":"https:\/\/passinger.com\/","og_site_name":"Willkommen bei den Passingers","article_modified_time":"2025-09-06T18:31:25+00:00","og_image":[{"width":1024,"height":1024,"url":"https:\/\/passinger.com\/wp-content\/uploads\/2025\/09\/Sunny.png","type":"image\/png"}],"twitter_card":"summary_large_image","twitter_misc":{"Gesch\u00e4tzte Lesezeit":"2\u00a0Minuten"},"schema":{"@context":"https:\/\/schema.org","@graph":[{"@type":"WebPage","@id":"https:\/\/passinger.com\/","url":"https:\/\/passinger.com\/","name":"Willkommen \/ Welcome - Willkommen bei den Passingers","isPartOf":{"@id":"https:\/\/passinger.com\/#website"},"primaryImageOfPage":{"@id":"https:\/\/passinger.com\/#primaryimage"},"image":{"@id":"https:\/\/passinger.com\/#primaryimage"},"thumbnailUrl":"https:\/\/passinger.com\/wp-content\/uploads\/2025\/09\/Sunny.png","datePublished":"2025-09-06T16:39:02+00:00","dateModified":"2025-09-06T18:31:25+00:00","breadcrumb":{"@id":"https:\/\/passinger.com\/#breadcrumb"},"inLanguage":"de","potentialAction":[{"@type":"ReadAction","target":["https:\/\/passinger.com\/"]}]},{"@type":"ImageObject","inLanguage":"de","@id":"https:\/\/passinger.com\/#primaryimage","url":"https:\/\/passinger.com\/wp-content\/uploads\/2025\/09\/Sunny.png","contentUrl":"https:\/\/passinger.com\/wp-content\/uploads\/2025\/09\/Sunny.png","width":1024,"height":1024},{"@type":"BreadcrumbList","@id":"https:\/\/passinger.com\/#breadcrumb","itemListElement":[{"@type":"ListItem","position":1,"name":"Startseite","item":"https:\/\/passinger.com\/"},{"@type":"ListItem","position":2,"name":"Willkommen \/ Welcome"}]},{"@type":"WebSite","@id":"https:\/\/passinger.com\/#website","url":"https:\/\/passinger.com\/","name":"Willkommen bei den Passingers","description":"","potentialAction":[{"@type":"SearchAction","target":{"@type":"EntryPoint","urlTemplate":"https:\/\/passinger.com\/?s={search_term_string}"},"query-input":{"@type":"PropertyValueSpecification","valueRequired":true,"valueName":"search_term_string"}}],"inLanguage":"de"}]}},"_links":{"self":[{"href":"https:\/\/passinger.com\/index.php\/wp-json\/wp\/v2\/pages\/7","targetHints":{"allow":["GET"]}}],"collection":[{"href":"https:\/\/passinger.com\/index.php\/wp-json\/wp\/v2\/pages"}],"about":[{"href":"https:\/\/passinger.com\/index.php\/wp-json\/wp\/v2\/types\/page"}],"author":[{"embeddable":true,"href":"https:\/\/passinger.com\/index.php\/wp-json\/wp\/v2\/users\/1"}],"replies":[{"embeddable":true,"href":"https:\/\/passinger.com\/index.php\/wp-json\/wp\/v2\/comments?post=7"}],"version-history":[{"count":16,"href":"https:\/\/passinger.com\/index.php\/wp-json\/wp\/v2\/pages\/7\/revisions"}],"predecessor-version":[{"id":64,"href":"https:\/\/passinger.com\/index.php\/wp-json\/wp\/v2\/pages\/7\/revisions\/64"}],"wp:attachment":[{"href":"https:\/\/passinger.com\/index.php\/wp-json\/wp\/v2\/media?parent=7"}],"curies":[{"name":"wp","href":"https:\/\/api.w.org\/{rel}","templated":true}]}}